{"id":59,"date":"2016-12-01T20:53:18","date_gmt":"2016-12-01T18:53:18","guid":{"rendered":"http:\/\/ghostofbruce.net\/wordpress\/?page_id=59"},"modified":"2025-09-13T10:30:22","modified_gmt":"2025-09-13T07:30:22","slug":"yhteystiedot","status":"publish","type":"page","link":"https:\/\/ghostofbruce.fi\/wordpress\/yhteystiedot\/","title":{"rendered":"Yhteystiedot"},"content":{"rendered":"<p>Keikkamyynti:<\/p>\n<p><a href=\"http:\/\/altagency.fi\/artists\/the-ghost-of-bruce-springsteen-the-e-street-band\/\">Alt Agency<\/a><\/p>\n<p>Esa Tontti, esa@altagency.fi, 044 563 1430<\/p>\n<p>Yll\u00e4pito:<\/p>\n<p><a href=\"http:\/\/ghostofbruce.fi\/wordpress\/wp-login.php\">Kirjaudu sis\u00e4\u00e4n<\/a><\/p>\n","protected":false},"excerpt":{"rendered":"<p>Keikkamyynti: Alt Agency Esa Tontti, esa@altagency.fi, 044 563 1430 Yll\u00e4pito: Kirjaudu sis\u00e4\u00e4n<\/p>\n","protected":false},"author":1,"featured_media":0,"parent":0,"menu_order":0,"comment_status":"closed","ping_status":"closed","template":"","meta":[],"_links":{"self":[{"href":"https:\/\/ghostofbruce.fi\/wordpress\/wp-json\/wp\/v2\/pages\/59"}],"collection":[{"href":"https:\/\/ghostofbruce.fi\/wordpress\/wp-json\/wp\/v2\/pages"}],"about":[{"href":"https:\/\/ghostofbruce.fi\/wordpress\/wp-json\/wp\/v2\/types\/page"}],"author":[{"embeddable":true,"href":"https:\/\/ghostofbruce.fi\/wordpress\/wp-json\/wp\/v2\/users\/1"}],"replies":[{"embeddable":true,"href":"https:\/\/ghostofbruce.fi\/wordpress\/wp-json\/wp\/v2\/comments?post=59"}],"version-history":[{"count":6,"href":"https:\/\/ghostofbruce.fi\/wordpress\/wp-json\/wp\/v2\/pages\/59\/revisions"}],"predecessor-version":[{"id":369,"href":"https:\/\/ghostofbruce.fi\/wordpress\/wp-json\/wp\/v2\/pages\/59\/revisions\/369"}],"wp:attachment":[{"href":"https:\/\/ghostofbruce.fi\/wordpress\/wp-json\/wp\/v2\/media?parent=59"}],"curies":[{"name":"wp","href":"https:\/\/api.w.org\/{rel}","templated":true}]}}