{"id":2,"date":"2016-12-01T08:42:35","date_gmt":"2016-12-01T06:42:35","guid":{"rendered":"http:\/\/ghostofbruce.net\/wordpress\/?page_id=2"},"modified":"2023-04-14T20:25:40","modified_gmt":"2023-04-14T17:25:40","slug":"bandi","status":"publish","type":"page","link":"https:\/\/ghostofbruce.fi\/wordpress\/bandi\/","title":{"rendered":"B\u00e4ndi"},"content":{"rendered":"<table width=\"469\">\n<tbody>\n<tr>\n<td width=\"341\"><b>Ghost of Bruce -kollektiivi<\/b><\/td>\n<td width=\"128\"><\/td>\n<\/tr>\n<tr>\n<td>Saku &#8221;Bruce&#8221; Virtanen<\/td>\n<td>laulu, kitara, huuliharppu<\/td>\n<\/tr>\n<tr>\n<td>Pekka &#8221;Pex&#8221; Koivisto<\/td>\n<td>saksofoni<\/td>\n<\/tr>\n<tr>\n<td>Tomi &#8221;Yyteri Tomi&#8221; Nordlund<\/td>\n<td>basso, taustalaulu<\/td>\n<\/tr>\n<tr>\n<td>Okke &#8221;Kellopeli&#8221; Komulainen<\/td>\n<td>koskettimet<\/td>\n<\/tr>\n<tr>\n<td>Lasse &#8221;Mosse&#8221; Noukka<\/td>\n<td>piano, koskettimet<\/td>\n<\/tr>\n<tr>\n<td>Sami &#8221;Peter Buck&#8221; Nissinen<\/td>\n<td>koskettimet<\/td>\n<\/tr>\n<tr>\n<td>Timo &#8221;Jambo&#8221; Nordlund<\/td>\n<td>kitara<\/td>\n<\/tr>\n<tr>\n<td>Matti &#8221;Mallas-Masa&#8221; Jokelainen<\/td>\n<td>kitara<\/td>\n<\/tr>\n<tr>\n<td>Antti &#8221;St\u00e4gari&#8221; Hietala<\/td>\n<td>rummut<\/td>\n<\/tr>\n<tr>\n<td>Jani &#8221;Money in the Bank&#8221; Auvinen<\/td>\n<td>rummut<\/td>\n<\/tr>\n<tr>\n<td>Tommi &#8221;Ron Cobra&#8221; Salminen<\/td>\n<td>rummut<\/td>\n<\/tr>\n<tr>\n<td><\/td>\n<td><\/td>\n<\/tr>\n<tr>\n<td><strong>Guest Stars<\/strong><\/td>\n<td><\/td>\n<\/tr>\n<tr>\n<td>Jonas Silinskas<\/td>\n<td>trumpetti<\/td>\n<\/tr>\n<tr>\n<td>Tuomas &#8221;Risto&#8221; Eriksson<\/td>\n<td>vetopasuuna<\/td>\n<\/tr>\n<tr>\n<td>Jani &#8221;Popeda&#8221; Kemppinen<\/td>\n<td>koskettimet<\/td>\n<\/tr>\n<tr>\n<td>Markus Mantere<\/td>\n<td>koskettimet<\/td>\n<\/tr>\n<tr>\n<td>Sami Oksanen<\/td>\n<td>kitara<\/td>\n<\/tr>\n<tr>\n<td>Antti &#8221;Jussi Juonio&#8221; Suonio<\/td>\n<td>rummut<\/td>\n<\/tr>\n<tr>\n<td>Suti &#8221;Juha&#8221; Kulmala<\/td>\n<td>rummut<\/td>\n<\/tr>\n<tr>\n<td>Simo Stenman<\/td>\n<td>rummut<\/td>\n<\/tr>\n<tr>\n<td><strong>Tour Management<\/strong><\/td>\n<td><\/td>\n<\/tr>\n<tr>\n<td>Peve &#8221;Big Man&#8221; H\u00e4m\u00e4l\u00e4inen<\/td>\n<td>miksaus<\/td>\n<\/tr>\n<tr>\n<td>Mikko &#8221;Corolla&#8221; Hyv\u00e4rinen<\/td>\n<td><\/td>\n<\/tr>\n<tr>\n<td>H\u00e4rski<\/td>\n<td><\/td>\n<\/tr>\n<tr>\n<td>Zombi (RIP)<\/td>\n<td><\/td>\n<\/tr>\n<tr>\n<td>G\u00e4rffi<\/td>\n<td><\/td>\n<\/tr>\n<tr>\n<td>Dino<\/td>\n<td><\/td>\n<\/tr>\n<\/tbody>\n<\/table>\n","protected":false},"excerpt":{"rendered":"<p>Ghost of Bruce -kollektiivi Saku &#8221;Bruce&#8221; Virtanen laulu, kitara, huuliharppu Pekka &#8221;Pex&#8221; Koivisto saksofoni Tomi &#8221;Yyteri Tomi&#8221; Nordlund basso, taustalaulu Okke &#8221;Kellopeli&#8221; Komulainen koskettimet Lasse &#8221;Mosse&#8221; Noukka piano, koskettimet Sami &#8221;Peter Buck&#8221; Nissinen koskettimet Timo &#8221;Jambo&#8221; Nordlund kitara Matti &#8221;Mallas-Masa&#8221; Jokelainen kitara Antti &#8221;St\u00e4gari&#8221; Hietala rummut Jani &#8221;Money in the Bank&#8221; Auvinen rummut Tommi &#8221;Ron &hellip; <\/p>\n<p class=\"link-more\"><a href=\"https:\/\/ghostofbruce.fi\/wordpress\/bandi\/\" class=\"more-link\">Jatka lukemista<span class=\"screen-reader-text\"> &#8221;B\u00e4ndi&#8221;<\/span><\/a><\/p>\n","protected":false},"author":1,"featured_media":0,"parent":0,"menu_order":0,"comment_status":"closed","ping_status":"open","template":"","meta":[],"_links":{"self":[{"href":"https:\/\/ghostofbruce.fi\/wordpress\/wp-json\/wp\/v2\/pages\/2"}],"collection":[{"href":"https:\/\/ghostofbruce.fi\/wordpress\/wp-json\/wp\/v2\/pages"}],"about":[{"href":"https:\/\/ghostofbruce.fi\/wordpress\/wp-json\/wp\/v2\/types\/page"}],"author":[{"embeddable":true,"href":"https:\/\/ghostofbruce.fi\/wordpress\/wp-json\/wp\/v2\/users\/1"}],"replies":[{"embeddable":true,"href":"https:\/\/ghostofbruce.fi\/wordpress\/wp-json\/wp\/v2\/comments?post=2"}],"version-history":[{"count":19,"href":"https:\/\/ghostofbruce.fi\/wordpress\/wp-json\/wp\/v2\/pages\/2\/revisions"}],"predecessor-version":[{"id":284,"href":"https:\/\/ghostofbruce.fi\/wordpress\/wp-json\/wp\/v2\/pages\/2\/revisions\/284"}],"wp:attachment":[{"href":"https:\/\/ghostofbruce.fi\/wordpress\/wp-json\/wp\/v2\/media?parent=2"}],"curies":[{"name":"wp","href":"https:\/\/api.w.org\/{rel}","templated":true}]}}